{"id":963,"date":"2016-07-13T06:56:38","date_gmt":"2016-07-13T06:56:38","guid":{"rendered":"https:\/\/www.leitzaran-andoain.eus\/?page_id=963"},"modified":"2016-12-23T09:46:23","modified_gmt":"2016-12-23T09:46:23","slug":"disfruta-la-naturaleza","status":"publish","type":"page","link":"https:\/\/www.leitzaran-andoain.eus\/es\/disfruta-la-naturaleza\/","title":{"rendered":"LA NATURALEZA"},"content":{"rendered":"<p>[et_pb_section admin_label=\u00bbSecci\u00f3n\u00bb fullwidth=\u00bboff\u00bb specialty=\u00bboff\u00bb background_image=\u00bbhttps:\/\/www.leitzaran-andoain.eus\/wp-content\/uploads\/2016\/07\/ubaranretocado-2.jpg\u00bb transparent_background=\u00bboff\u00bb background_color=\u00bb#a3d2d6&#8243; allow_player_pause=\u00bboff\u00bb inner_shadow=\u00bbon\u00bb parallax=\u00bboff\u00bb parallax_method=\u00bboff\u00bb padding_mobile=\u00bboff\u00bb make_fullwidth=\u00bboff\u00bb use_custom_width=\u00bboff\u00bb width_unit=\u00bbon\u00bb make_equal=\u00bboff\u00bb use_custom_gutter=\u00bboff\u00bb][et_pb_row admin_label=\u00bbFila\u00bb][et_pb_column type=\u00bb1_2&#8243;][et_pb_text admin_label=\u00bbTexto\u00bb background_layout=\u00bbdark\u00bb text_orientation=\u00bbleft\u00bb use_border_color=\u00bboff\u00bb border_color=\u00bb#ffffff\u00bb border_style=\u00bbsolid\u00bb header_font_size=\u00bb50px\u00bb header_text_color=\u00bb#ffffff\u00bb text_font=\u00bbGloria Hallelujah||||\u00bb header_font=\u00bbGloria Hallelujah||||\u00bb background_color=\u00bbrgba(0,0,0,0)\u00bb]<\/p>\n<h1 style=\"padding-left: 30px;\"><span style=\"color: #ffffff;\">Disfruta<\/span><\/h1>\n<p>[\/et_pb_text][et_pb_cta admin_label=\u00bbLlamada a la acci\u00f3n\u00bb title=\u00bbLa Naturaleza\u00bb url_new_window=\u00bboff\u00bb use_background_color=\u00bbon\u00bb background_color=\u00bbrgba(0,0,0,0.33)\u00bb background_layout=\u00bbdark\u00bb text_orientation=\u00bbleft\u00bb use_border_color=\u00bboff\u00bb border_color=\u00bb#ffffff\u00bb border_style=\u00bbsolid\u00bb custom_button=\u00bboff\u00bb button_letter_spacing=\u00bb0&#8243; button_use_icon=\u00bbdefault\u00bb button_icon_placement=\u00bbright\u00bb button_on_hover=\u00bbon\u00bb button_letter_spacing_hover=\u00bb0&#8243; header_font_size=\u00bb36&#8243; header_text_color=\u00bb#a3d2d6&#8243; body_font=\u00bbRoboto||||\u00bb]<\/p>\n<h3>Leitzaran, el lugar ideal para los amantes de la naturaleza<\/h3>\n<p>Es un valle despoblado, caso \u00fanico en Gipuzkoa, pero no siempre ha sido as\u00ed. Sus cimas guardan destacados monumentos megal\u00edticos. Sus laderas fueron horadadas por minas hoy olvidadas. Sus regatas movieron molinos, ferrer\u00edas y, a\u00fan hoy, centrales hidroel\u00e9ctricas. Un tren lo cruz\u00f3 de norte a sur, como hoy lo recorren los senderistas siguiendo su rastro. El valle de Leitzaran, con sus limpias aguas y sus bosques de ribera, se apresta para conservar su patrimonio cultural y recuperar su esplendor natural.<\/p>\n<p>El Biotopo Protegido de Leitzaran permite\u00a0desarrollar multitud de actividades ligadas al medio natural.<\/p>\n<ul>\n<li>Visitas autoguiadas al Centro de Interpretaci\u00f3n del Agua.<\/li>\n<li>Hasta 8 itinerarios a elegir.<\/li>\n<li>Practica en familia la pesca deportiva sin muerte.<\/li>\n<li>Cursos y servicio de gu\u00eda a la pesca para aficionados.<\/li>\n<li>Talleres en la Escuela de Pesca.<\/li>\n<li>Descenso en bicicleta de monta\u00f1a por la V\u00eda Verde del Plazaola desde Leitza (Navarra) hasta Andoain (Gipuzkoa).<\/li>\n<li>Consulta el programa de actividades para grupos.<\/li>\n<\/ul>\n<p>[\/et_pb_cta][et_pb_button admin_label=\u00bbBot\u00f3n\u00bb url_new_window=\u00bbon\u00bb button_text=\u00bbVer Mapa\u00bb button_alignment=\u00bbleft\u00bb background_layout=\u00bblight\u00bb custom_button=\u00bbon\u00bb button_letter_spacing=\u00bb0&#8243; button_use_icon=\u00bbdefault\u00bb button_icon_placement=\u00bbright\u00bb button_on_hover=\u00bbon\u00bb button_letter_spacing_hover=\u00bb0&#8243; button_url=\u00bbhttps:\/\/www.leitzaran-andoain.eus\/wp-content\/uploads\/2016\/10\/MAPA.pdf\u00bb saved_tabs=\u00bball\u00bb button_border_color=\u00bb#ffffff\u00bb button_text_color=\u00bb#ffffff\u00bb] [\/et_pb_button][et_pb_button admin_label=\u00bbBot\u00f3n\u00bb url_new_window=\u00bbon\u00bb button_text=\u00bbVer Informaci\u00f3n General\u00bb button_alignment=\u00bbleft\u00bb background_layout=\u00bblight\u00bb custom_button=\u00bbon\u00bb button_letter_spacing=\u00bb0&#8243; button_use_icon=\u00bbdefault\u00bb button_icon_placement=\u00bbright\u00bb button_on_hover=\u00bbon\u00bb button_letter_spacing_hover=\u00bb0&#8243; button_url=\u00bbhttps:\/\/www.leitzaran-andoain.eus\/wp-content\/uploads\/2016\/10\/INFORMAZIO-OROKORRA.pdf\u00bb saved_tabs=\u00bball\u00bb button_text_color=\u00bb#ffffff\u00bb button_border_color=\u00bb#ffffff\u00bb] [\/et_pb_button][et_pb_button admin_label=\u00bbBot\u00f3n\u00bb url_new_window=\u00bbon\u00bb button_text=\u00bbDecreto Foral\u00bb button_alignment=\u00bbleft\u00bb background_layout=\u00bblight\u00bb custom_button=\u00bbon\u00bb button_letter_spacing=\u00bb0&#8243; button_use_icon=\u00bbdefault\u00bb button_icon_placement=\u00bbright\u00bb button_on_hover=\u00bbon\u00bb button_letter_spacing_hover=\u00bb0&#8243; button_url=\u00bbhttps:\/\/www.leitzaran-andoain.eus\/wp-content\/uploads\/2016\/11\/declaracion-biotopo.pdf\u00bb saved_tabs=\u00bball\u00bb button_text_color=\u00bb#ffffff\u00bb button_border_color=\u00bb#ffffff\u00bb] [\/et_pb_button][\/et_pb_column][et_pb_column type=\u00bb1_2&#8243;][et_pb_gallery admin_label=\u00bbGaler\u00eda\u00bb gallery_ids=\u00bb1927,1338,1341,1343,1346&#8243; fullwidth=\u00bbon\u00bb show_title_and_caption=\u00bbon\u00bb show_pagination=\u00bbon\u00bb background_layout=\u00bblight\u00bb auto=\u00bbon\u00bb hover_overlay_color=\u00bbrgba(255,255,255,0.9)\u00bb caption_all_caps=\u00bboff\u00bb use_border_color=\u00bbon\u00bb border_color=\u00bb#ffffff\u00bb border_style=\u00bbsolid\u00bb hover_icon=\u00bb%%28%%\u00bb] [\/et_pb_gallery][\/et_pb_column][\/et_pb_row][\/et_pb_section][et_pb_section admin_label=\u00bbSecci\u00f3n\u00bb fullwidth=\u00bboff\u00bb specialty=\u00bboff\u00bb transparent_background=\u00bboff\u00bb background_color=\u00bb#ffffff\u00bb allow_player_pause=\u00bboff\u00bb inner_shadow=\u00bboff\u00bb parallax=\u00bboff\u00bb parallax_method=\u00bboff\u00bb padding_mobile=\u00bboff\u00bb make_fullwidth=\u00bboff\u00bb use_custom_width=\u00bboff\u00bb width_unit=\u00bbon\u00bb make_equal=\u00bboff\u00bb use_custom_gutter=\u00bboff\u00bb custom_padding=\u00bb-20px|||\u00bb][et_pb_row admin_label=\u00bbFila\u00bb make_fullwidth=\u00bboff\u00bb use_custom_width=\u00bboff\u00bb width_unit=\u00bbon\u00bb use_custom_gutter=\u00bbon\u00bb padding_mobile=\u00bboff\u00bb background_color=\u00bb#ffffff\u00bb allow_player_pause=\u00bboff\u00bb parallax=\u00bboff\u00bb parallax_method=\u00bboff\u00bb make_equal=\u00bboff\u00bb parallax_1=\u00bboff\u00bb parallax_method_1=\u00bboff\u00bb parallax_2=\u00bboff\u00bb parallax_method_2=\u00bboff\u00bb column_padding_mobile=\u00bbon\u00bb gutter_width=\u00bb1&#8243; custom_margin=\u00bb-40px|||\u00bb][et_pb_column type=\u00bb4_4&#8243;][et_pb_cta admin_label=\u00bbLlamada a la acci\u00f3n\u00bb title=\u00bbLEITZARAN BISITARIEN ETXEA\u00bb url_new_window=\u00bboff\u00bb use_background_color=\u00bbon\u00bb background_color=\u00bb#ffffff\u00bb background_layout=\u00bbdark\u00bb text_orientation=\u00bbleft\u00bb use_border_color=\u00bboff\u00bb border_color=\u00bb#ffffff\u00bb border_style=\u00bbsolid\u00bb custom_button=\u00bboff\u00bb button_letter_spacing=\u00bb0&#8243; button_use_icon=\u00bbdefault\u00bb button_icon_placement=\u00bbright\u00bb button_on_hover=\u00bbon\u00bb button_letter_spacing_hover=\u00bb0&#8243; body_text_color=\u00bb#000000&#8243; header_text_color=\u00bb#a3d2d6&#8243; custom_margin=\u00bb|0px||0px\u00bb custom_padding=\u00bb|0px||\u00bb]<\/p>\n<hr \/>\n<p style=\"text-align: left;\"><span style=\"color: #000000;\">Posta Kutxa 38<\/span><br \/>\n<span style=\"color: #000000;\">Otieta Parkea, Leizotz auzoa, 48 behea<\/span><br \/>\n<span style=\"color: #000000;\">20140 ANDOAIN (Gipuzkoa)<\/span><br \/>\n<span style=\"color: #000000;\">943 300 929 &#8211; <a style=\"color: #000000;\" href=\"mailto:info@leitzaran-andoain.eus\">info@leitzaran-andoain.eus<\/a><\/span><br \/>\n<span style=\"color: #000000;\">Coord.: N 43\u00ba 12&#8242; 12.5\u00bb &#8211; W 2\u00ba 0&#8242; 34.2\u00bb<\/span><\/p>\n<hr \/>\n<p>&nbsp;<\/p>\n<p>[\/et_pb_cta][et_pb_image admin_label=\u00bbImagen\u00bb src=\u00bbhttps:\/\/www.leitzaran-andoain.eus\/wp-content\/uploads\/2016\/06\/logoak-ona.jpg\u00bb show_in_lightbox=\u00bboff\u00bb url_new_window=\u00bboff\u00bb use_overlay=\u00bboff\u00bb animation=\u00bboff\u00bb sticky=\u00bboff\u00bb align=\u00bbleft\u00bb force_fullwidth=\u00bboff\u00bb always_center_on_mobile=\u00bbon\u00bb use_border_color=\u00bboff\u00bb border_color=\u00bb#ffffff\u00bb border_style=\u00bbsolid\u00bb custom_margin=\u00bb-60px|||60px\u00bb max_width=\u00bb700px\u00bb saved_tabs=\u00bball\u00bb] [\/et_pb_image][\/et_pb_column][\/et_pb_row][\/et_pb_section]<\/p>\n","protected":false},"excerpt":{"rendered":"<p>[et_pb_section admin_label=\u00bbSecci\u00f3n\u00bb fullwidth=\u00bboff\u00bb specialty=\u00bboff\u00bb background_image=\u00bbhttps:\/\/www.leitzaran-andoain.eus\/wp-content\/uploads\/2016\/07\/ubaranretocado-2.jpg\u00bb transparent_background=\u00bboff\u00bb background_color=\u00bb#a3d2d6&#8243; allow_player_pause=\u00bboff\u00bb inner_shadow=\u00bbon\u00bb parallax=\u00bboff\u00bb parallax_method=\u00bboff\u00bb padding_mobile=\u00bboff\u00bb make_fullwidth=\u00bboff\u00bb use_custom_width=\u00bboff\u00bb width_unit=\u00bbon\u00bb make_equal=\u00bboff\u00bb use_custom_gutter=\u00bboff\u00bb][et_pb_row admin_label=\u00bbFila\u00bb][et_pb_column type=\u00bb1_2&#8243;][et_pb_text admin_label=\u00bbTexto\u00bb background_layout=\u00bbdark\u00bb text_orientation=\u00bbleft\u00bb use_border_color=\u00bboff\u00bb border_color=\u00bb#ffffff\u00bb border_style=\u00bbsolid\u00bb header_font_size=\u00bb50px\u00bb header_text_color=\u00bb#ffffff\u00bb text_font=\u00bbGloria Hallelujah||||\u00bb header_font=\u00bbGloria Hallelujah||||\u00bb background_color=\u00bbrgba(0,0,0,0)\u00bb] Disfruta [\/et_pb_text][et_pb_cta admin_label=\u00bbLlamada a la acci\u00f3n\u00bb title=\u00bbLa Naturaleza\u00bb url_new_window=\u00bboff\u00bb use_background_color=\u00bbon\u00bb background_color=\u00bbrgba(0,0,0,0.33)\u00bb background_layout=\u00bbdark\u00bb text_orientation=\u00bbleft\u00bb use_border_color=\u00bboff\u00bb border_color=\u00bb#ffffff\u00bb border_style=\u00bbsolid\u00bb custom_button=\u00bboff\u00bb button_letter_spacing=\u00bb0&#8243; button_use_icon=\u00bbdefault\u00bb button_icon_placement=\u00bbright\u00bb button_on_hover=\u00bbon\u00bb button_letter_spacing_hover=\u00bb0&#8243; header_font_size=\u00bb36&#8243; [&hellip;]<\/p>\n","protected":false},"author":1,"featured_media":0,"parent":0,"menu_order":0,"comment_status":"closed","ping_status":"closed","template":"","meta":{"_et_pb_use_builder":"on","_et_pb_old_content":"","_et_gb_content_width":""},"yoast_head":"<!-- This site is optimized with the Yoast SEO plugin v18.4.1 - https:\/\/yoast.com\/wordpress\/plugins\/seo\/ -->\n<title>LA NATURALEZA - Leitzaran Bisitarien Etxea<\/title>\n<meta name=\"description\" content=\"Disfruta de la naturaleza en Leitzaran\" \/>\n<meta name=\"robots\" content=\"index, follow, max-snippet:-1, max-image-preview:large, max-video-preview:-1\" \/>\n<link rel=\"canonical\" href=\"https:\/\/www.leitzaran-andoain.eus\/es\/disfruta-la-naturaleza\/\" \/>\n<meta property=\"og:locale\" content=\"es_ES\" \/>\n<meta property=\"og:type\" content=\"article\" \/>\n<meta property=\"og:title\" content=\"LA NATURALEZA - Leitzaran Bisitarien Etxea\" \/>\n<meta property=\"og:description\" content=\"Disfruta de la naturaleza en Leitzaran\" \/>\n<meta property=\"og:url\" content=\"https:\/\/www.leitzaran-andoain.eus\/es\/disfruta-la-naturaleza\/\" \/>\n<meta property=\"og:site_name\" content=\"Leitzaran Bisitarien Etxea\" \/>\n<meta property=\"article:publisher\" content=\"https:\/\/www.facebook.com\/leitzaran.bisitarien.etxea\/\" \/>\n<meta property=\"article:modified_time\" content=\"2016-12-23T09:46:23+00:00\" \/>\n<meta name=\"twitter:card\" content=\"summary\" \/>\n<meta name=\"twitter:label1\" content=\"Tiempo de lectura\" \/>\n\t<meta name=\"twitter:data1\" content=\"5 minutos\" \/>\n<script type=\"application\/ld+json\" class=\"yoast-schema-graph\">{\"@context\":\"https:\/\/schema.org\",\"@graph\":[{\"@type\":\"WebSite\",\"@id\":\"https:\/\/www.leitzaran-andoain.eus\/#website\",\"url\":\"https:\/\/www.leitzaran-andoain.eus\/\",\"name\":\"Leitzaran Bisitarien Etxea\",\"description\":\"Leitzaran: Uraren interpretazio gunea eta bidezidor kirolaren interpretazio ibilbidea\",\"potentialAction\":[{\"@type\":\"SearchAction\",\"target\":{\"@type\":\"EntryPoint\",\"urlTemplate\":\"https:\/\/www.leitzaran-andoain.eus\/?s={search_term_string}\"},\"query-input\":\"required name=search_term_string\"}],\"inLanguage\":\"es\"},{\"@type\":\"WebPage\",\"@id\":\"https:\/\/www.leitzaran-andoain.eus\/es\/disfruta-la-naturaleza\/#webpage\",\"url\":\"https:\/\/www.leitzaran-andoain.eus\/es\/disfruta-la-naturaleza\/\",\"name\":\"LA NATURALEZA - Leitzaran Bisitarien Etxea\",\"isPartOf\":{\"@id\":\"https:\/\/www.leitzaran-andoain.eus\/#website\"},\"datePublished\":\"2016-07-13T06:56:38+00:00\",\"dateModified\":\"2016-12-23T09:46:23+00:00\",\"description\":\"Disfruta de la naturaleza en Leitzaran\",\"breadcrumb\":{\"@id\":\"https:\/\/www.leitzaran-andoain.eus\/es\/disfruta-la-naturaleza\/#breadcrumb\"},\"inLanguage\":\"es\",\"potentialAction\":[{\"@type\":\"ReadAction\",\"target\":[\"https:\/\/www.leitzaran-andoain.eus\/es\/disfruta-la-naturaleza\/\"]}]},{\"@type\":\"BreadcrumbList\",\"@id\":\"https:\/\/www.leitzaran-andoain.eus\/es\/disfruta-la-naturaleza\/#breadcrumb\",\"itemListElement\":[{\"@type\":\"ListItem\",\"position\":1,\"name\":\"Portada\",\"item\":\"https:\/\/www.leitzaran-andoain.eus\/es\/\"},{\"@type\":\"ListItem\",\"position\":2,\"name\":\"LA NATURALEZA\"}]}]}<\/script>\n<!-- \/ Yoast SEO plugin. -->","yoast_head_json":{"title":"LA NATURALEZA - Leitzaran Bisitarien Etxea","description":"Disfruta de la naturaleza en Leitzaran","robots":{"index":"index","follow":"follow","max-snippet":"max-snippet:-1","max-image-preview":"max-image-preview:large","max-video-preview":"max-video-preview:-1"},"canonical":"https:\/\/www.leitzaran-andoain.eus\/es\/disfruta-la-naturaleza\/","og_locale":"es_ES","og_type":"article","og_title":"LA NATURALEZA - Leitzaran Bisitarien Etxea","og_description":"Disfruta de la naturaleza en Leitzaran","og_url":"https:\/\/www.leitzaran-andoain.eus\/es\/disfruta-la-naturaleza\/","og_site_name":"Leitzaran Bisitarien Etxea","article_publisher":"https:\/\/www.facebook.com\/leitzaran.bisitarien.etxea\/","article_modified_time":"2016-12-23T09:46:23+00:00","twitter_card":"summary","twitter_misc":{"Tiempo de lectura":"5 minutos"},"schema":{"@context":"https:\/\/schema.org","@graph":[{"@type":"WebSite","@id":"https:\/\/www.leitzaran-andoain.eus\/#website","url":"https:\/\/www.leitzaran-andoain.eus\/","name":"Leitzaran Bisitarien Etxea","description":"Leitzaran: Uraren interpretazio gunea eta bidezidor kirolaren interpretazio ibilbidea","potentialAction":[{"@type":"SearchAction","target":{"@type":"EntryPoint","urlTemplate":"https:\/\/www.leitzaran-andoain.eus\/?s={search_term_string}"},"query-input":"required name=search_term_string"}],"inLanguage":"es"},{"@type":"WebPage","@id":"https:\/\/www.leitzaran-andoain.eus\/es\/disfruta-la-naturaleza\/#webpage","url":"https:\/\/www.leitzaran-andoain.eus\/es\/disfruta-la-naturaleza\/","name":"LA NATURALEZA - Leitzaran Bisitarien Etxea","isPartOf":{"@id":"https:\/\/www.leitzaran-andoain.eus\/#website"},"datePublished":"2016-07-13T06:56:38+00:00","dateModified":"2016-12-23T09:46:23+00:00","description":"Disfruta de la naturaleza en Leitzaran","breadcrumb":{"@id":"https:\/\/www.leitzaran-andoain.eus\/es\/disfruta-la-naturaleza\/#breadcrumb"},"inLanguage":"es","potentialAction":[{"@type":"ReadAction","target":["https:\/\/www.leitzaran-andoain.eus\/es\/disfruta-la-naturaleza\/"]}]},{"@type":"BreadcrumbList","@id":"https:\/\/www.leitzaran-andoain.eus\/es\/disfruta-la-naturaleza\/#breadcrumb","itemListElement":[{"@type":"ListItem","position":1,"name":"Portada","item":"https:\/\/www.leitzaran-andoain.eus\/es\/"},{"@type":"ListItem","position":2,"name":"LA NATURALEZA"}]}]}},"_links":{"self":[{"href":"https:\/\/www.leitzaran-andoain.eus\/es\/wp-json\/wp\/v2\/pages\/963"}],"collection":[{"href":"https:\/\/www.leitzaran-andoain.eus\/es\/wp-json\/wp\/v2\/pages"}],"about":[{"href":"https:\/\/www.leitzaran-andoain.eus\/es\/wp-json\/wp\/v2\/types\/page"}],"author":[{"embeddable":true,"href":"https:\/\/www.leitzaran-andoain.eus\/es\/wp-json\/wp\/v2\/users\/1"}],"replies":[{"embeddable":true,"href":"https:\/\/www.leitzaran-andoain.eus\/es\/wp-json\/wp\/v2\/comments?post=963"}],"version-history":[{"count":59,"href":"https:\/\/www.leitzaran-andoain.eus\/es\/wp-json\/wp\/v2\/pages\/963\/revisions"}],"predecessor-version":[{"id":2795,"href":"https:\/\/www.leitzaran-andoain.eus\/es\/wp-json\/wp\/v2\/pages\/963\/revisions\/2795"}],"wp:attachment":[{"href":"https:\/\/www.leitzaran-andoain.eus\/es\/wp-json\/wp\/v2\/media?parent=963"}],"curies":[{"name":"wp","href":"https:\/\/api.w.org\/{rel}","templated":true}]}}