{"id":332,"date":"2016-07-08T05:04:11","date_gmt":"2016-07-08T05:04:11","guid":{"rendered":"https:\/\/www.leitzaran-andoain.eus\/?page_id=332"},"modified":"2016-12-16T11:19:16","modified_gmt":"2016-12-16T11:19:16","slug":"politica-de-privacidad","status":"publish","type":"page","link":"https:\/\/www.leitzaran-andoain.eus\/es\/politica-de-privacidad\/","title":{"rendered":"POL\u00cdTICA DE PRIVACIDAD"},"content":{"rendered":"<p>[et_pb_section admin_label=\u00bbsection\u00bb background_image=\u00bbhttps:\/\/www.leitzaran-andoain.eus\/wp-content\/uploads\/2016\/07\/bidea-atzekoa.jpg\u00bb transparent_background=\u00bboff\u00bb background_color=\u00bb#ffffff\u00bb allow_player_pause=\u00bboff\u00bb inner_shadow=\u00bboff\u00bb parallax=\u00bboff\u00bb parallax_method=\u00bboff\u00bb padding_mobile=\u00bboff\u00bb make_fullwidth=\u00bboff\u00bb use_custom_width=\u00bboff\u00bb width_unit=\u00bbon\u00bb make_equal=\u00bboff\u00bb use_custom_gutter=\u00bboff\u00bb][et_pb_row admin_label=\u00bbrow\u00bb make_fullwidth=\u00bboff\u00bb use_custom_width=\u00bboff\u00bb width_unit=\u00bbon\u00bb use_custom_gutter=\u00bboff\u00bb padding_mobile=\u00bboff\u00bb allow_player_pause=\u00bboff\u00bb parallax=\u00bboff\u00bb parallax_method=\u00bboff\u00bb make_equal=\u00bboff\u00bb parallax_1=\u00bboff\u00bb parallax_method_1=\u00bboff\u00bb column_padding_mobile=\u00bbon\u00bb background_color=\u00bbrgba(255,255,255,0.86)\u00bb][et_pb_column type=\u00bb4_4&#8243;][et_pb_text admin_label=\u00bbTexto\u00bb background_layout=\u00bblight\u00bb text_orientation=\u00bbleft\u00bb use_border_color=\u00bboff\u00bb border_color=\u00bb#ffffff\u00bb border_style=\u00bbsolid\u00bb header_text_color=\u00bb#000000&#8243; custom_margin=\u00bb30px|30px|100px|30px\u00bb text_text_color=\u00bb#000000&#8243;]<\/p>\n<h1><strong>POL\u00cdTICA DE PRIVACIDAD<\/strong><\/h1>\n<hr \/>\n<p>&nbsp;<\/p>\n<p>En cumplimiento de la Ley Org\u00e1nica 15\/1999, de 13 de diciembre, de Protecci\u00f3n de Datos de Car\u00e1cter Personal (LOPD), le informamos que los datos personales que nos suministre a trav\u00e9s de la p\u00e1gina web www.leitzaran.org, ser\u00e1n tratados de forma confidencial y pasar\u00e1n a formar parte de un fichero automatizado titularidad del Ayuntamiento de Andoain, goiko plaza s\/n, CP 20140, Andoain (Gipuzkoa) que ha sido debidamente inscrito en la <a title=\"Se abre en ventana nueva\" href=\"http:\/\/www.agpd.es\/\" target=\"_blank\" rel=\"external\">Agencia Espa\u00f1ola de Protecci\u00f3n de Datos<\/a>.<\/p>\n<p>Sus datos personales ser\u00e1n utilizados con la finalidad que se indique en las p\u00e1ginas donde se encuentre el formulario electr\u00f3nico de recogida de datos personales. Asimismo, podr\u00e1n ser conservados para contestar a su solicitud y para el env\u00edo (por canales ordinarios o electr\u00f3nicos) de informaci\u00f3n relacionada con nuestra actividad que pueda resultar de su inter\u00e9s, hasta que nos indique lo contrario.<\/p>\n<p>Asimismo le informamos que puede ejercitar sus derechos de acceso, rectificaci\u00f3n, cancelaci\u00f3n y oposici\u00f3n con arreglo a lo previsto en la LOPD, enviando una carta certificada o forma equivalente que permita acreditar su recepci\u00f3n, junto con la fotocopia de su D.N.I., a la siguiente direcci\u00f3n: Goiko plaza s\/n, C.P. 20140, Andoain, Gipuzkoa.<\/p>\n<p>La no cumplimentaci\u00f3n de los campos, indicados como obligatorios, que aparecen en cualquier formulario de registro electr\u00f3nico, podr\u00e1 tener como consecuencia que el Centro de Visistantes \u00abLeitzaran\u00bb del Ayuntamiento de Andoain no pueda atender a su solicitud.<\/p>\n<p>El Ayuntamiento de Andoain no vende, cede, arrienda ni transmite de ning\u00fan modo, informaci\u00f3n o datos de car\u00e1cter personal de sus Clientes\/Usuarios a terceros.<\/p>\n<p>El Usuario garantiza que los Datos Personales facilitados al Centro de Visistantes \u00abLeitzaran\u00bb del Ayuntamiento de Andoain son veraces y se hace responsable de comunicar cualquier modificaci\u00f3n en los mismos. El Usuario ser\u00e1 el \u00fanico responsable de cualquier da\u00f1o o perjuicio, directo o indirecto, que pudiera ocasionar al Ayuntamiento de Andoain o a cualquier tercero a causa de la cumplimentaci\u00f3n de los formularios con datos falsos, inexactos, incompletos o no actualizados. El Usuario no deber\u00e1 incluir datos personales de terceros sin su consentimiento informado previo de lo establecido en la presente pol\u00edtica de privacidad, siendo el \u00fanico responsable de su inclusi\u00f3n.<\/p>\n<p>Ciertos servicios prestados por el Centro de Visistantes \u00abLeitzaran\u00bb pueden contener condiciones particulares con previsiones espec\u00edficas en materia de protecci\u00f3n de datos personales, siendo por tanto de aplicaci\u00f3n las condiciones particulares de cada caso. En todo lo no regulado por las condiciones particulares ser\u00e1 de aplicaci\u00f3n supletoria las condiciones generales recogidas en la presente pol\u00edtica de privacidad. Se advierte a los ni\u00f1os y j\u00f3venes menores de 18 a\u00f1os que han de tener el permiso de sus padres o tutores para proporcionar datos personales en el sitio web del Centro de Visitantes \u201cLeitzaran\u201d del Ayuntamiento de Andoain.<\/p>\n<p>El Centro de Visistantes \u00abLeitzaran\u00bb del Ayuntamiento de Andoain ha adoptado medidas para evitar la alteraci\u00f3n, p\u00e9rdida, tratamiento o acceso no autorizado de los datos personales, habida cuenta en todo momento del estado de la tecnolog\u00eda, la naturaleza de los datos almacenados y los riesgos a que est\u00e1n expuestos, ya provengan de la acci\u00f3n humana o del medio f\u00edsico o natural, no obstante, el Usuario debe ser consciente de que las medidas de seguridad en Internet no son inexpugnables.<\/p>\n<p>El Ayuntamiento de Andoain se reserva el derecho de modificar su pol\u00edtica de privacidad de acuerdo a su criterio, o a causa de un cambio legislativo, jurisprudencial o en la pr\u00e1ctica empresarial. Si el Ayuntamiento de Andoain introdujera alguna modificaci\u00f3n, el nuevo texto ser\u00e1 publicado en este mismo sitio web, donde el Usuario podr\u00e1 tener conocimiento de la pol\u00edtica de privacidad actual de la p\u00e1gina web del Centro de Visistantes \u201cLeitzaran\u201d del Ayuntamiento de Andoain. En cualquier caso, la relaci\u00f3n con los usuarios se regir\u00e1 por las normas previstas en el momento preciso en que se accede al sitio web.<\/p>\n<p>La cumplimentaci\u00f3n de los formularios incluidos en el sitio web, implica el consentimiento expreso del Usuario a la inclusi\u00f3n de sus datos de car\u00e1cter personal en el referido fichero automatizado del sitio web del Centro de Visitantes \u201cLeitzaran\u201d del Ayuntamiento de Andoain con las finalidades indicadas.<\/p>\n<p>[\/et_pb_text][\/et_pb_column][\/et_pb_row][\/et_pb_section][et_pb_section admin_label=\u00bbSecci\u00f3n\u00bb fullwidth=\u00bboff\u00bb specialty=\u00bboff\u00bb transparent_background=\u00bboff\u00bb background_color=\u00bb#ffffff\u00bb allow_player_pause=\u00bboff\u00bb inner_shadow=\u00bboff\u00bb parallax=\u00bboff\u00bb parallax_method=\u00bboff\u00bb padding_mobile=\u00bboff\u00bb make_fullwidth=\u00bboff\u00bb use_custom_width=\u00bboff\u00bb width_unit=\u00bbon\u00bb make_equal=\u00bboff\u00bb use_custom_gutter=\u00bboff\u00bb custom_padding=\u00bb-20px|||\u00bb][et_pb_row admin_label=\u00bbFila\u00bb make_fullwidth=\u00bboff\u00bb use_custom_width=\u00bboff\u00bb width_unit=\u00bbon\u00bb use_custom_gutter=\u00bbon\u00bb padding_mobile=\u00bboff\u00bb background_color=\u00bb#ffffff\u00bb allow_player_pause=\u00bboff\u00bb parallax=\u00bboff\u00bb parallax_method=\u00bboff\u00bb make_equal=\u00bboff\u00bb parallax_1=\u00bboff\u00bb parallax_method_1=\u00bboff\u00bb parallax_2=\u00bboff\u00bb parallax_method_2=\u00bboff\u00bb column_padding_mobile=\u00bbon\u00bb gutter_width=\u00bb1&#8243; custom_margin=\u00bb-40px|||\u00bb][et_pb_column type=\u00bb4_4&#8243;][et_pb_cta admin_label=\u00bbLlamada a la acci\u00f3n\u00bb title=\u00bbLEITZARAN BISITARIEN ETXEA\u00bb url_new_window=\u00bboff\u00bb use_background_color=\u00bbon\u00bb background_color=\u00bb#ffffff\u00bb background_layout=\u00bbdark\u00bb text_orientation=\u00bbleft\u00bb use_border_color=\u00bboff\u00bb border_color=\u00bb#ffffff\u00bb border_style=\u00bbsolid\u00bb custom_button=\u00bboff\u00bb button_letter_spacing=\u00bb0&#8243; button_use_icon=\u00bbdefault\u00bb button_icon_placement=\u00bbright\u00bb button_on_hover=\u00bbon\u00bb button_letter_spacing_hover=\u00bb0&#8243; body_text_color=\u00bb#000000&#8243; header_text_color=\u00bb#a3d2d6&#8243; custom_margin=\u00bb|0px||0px\u00bb custom_padding=\u00bb|0px||\u00bb]<\/p>\n<hr \/>\n<p style=\"text-align: left;\"><span style=\"color: #000000;\">Posta Kutxa 38<\/span><br \/>\n<span style=\"color: #000000;\">Otieta Parkea, Leizotz auzoa, 48 behea<\/span><br \/>\n<span style=\"color: #000000;\">20140 ANDOAIN (Gipuzkoa)<\/span><br \/>\n<span style=\"color: #000000;\">943 300 929 &#8211; <a style=\"color: #000000;\" href=\"mailto:info@leitzaran-andoain.eus\">info@leitzaran-andoain.eus<\/a><\/span><br \/>\n<span style=\"color: #000000;\">Coord.: N 43\u00ba 12&#8242; 12.5\u00bb &#8211; W 2\u00ba 0&#8242; 34.2\u00bb<\/span><\/p>\n<hr \/>\n<p>&nbsp;<\/p>\n<p>[\/et_pb_cta][et_pb_image admin_label=\u00bbImagen\u00bb src=\u00bbhttps:\/\/www.leitzaran-andoain.eus\/wp-content\/uploads\/2016\/06\/logoak-ona.jpg\u00bb show_in_lightbox=\u00bboff\u00bb url_new_window=\u00bboff\u00bb use_overlay=\u00bboff\u00bb animation=\u00bboff\u00bb sticky=\u00bboff\u00bb align=\u00bbleft\u00bb force_fullwidth=\u00bboff\u00bb always_center_on_mobile=\u00bbon\u00bb use_border_color=\u00bboff\u00bb border_color=\u00bb#ffffff\u00bb border_style=\u00bbsolid\u00bb custom_margin=\u00bb-60px|||60px\u00bb max_width=\u00bb700px\u00bb saved_tabs=\u00bball\u00bb] [\/et_pb_image][\/et_pb_column][\/et_pb_row][\/et_pb_section]<\/p>\n","protected":false},"excerpt":{"rendered":"<p>[et_pb_section admin_label=\u00bbsection\u00bb background_image=\u00bbhttps:\/\/www.leitzaran-andoain.eus\/wp-content\/uploads\/2016\/07\/bidea-atzekoa.jpg\u00bb transparent_background=\u00bboff\u00bb background_color=\u00bb#ffffff\u00bb allow_player_pause=\u00bboff\u00bb inner_shadow=\u00bboff\u00bb parallax=\u00bboff\u00bb parallax_method=\u00bboff\u00bb padding_mobile=\u00bboff\u00bb make_fullwidth=\u00bboff\u00bb use_custom_width=\u00bboff\u00bb width_unit=\u00bbon\u00bb make_equal=\u00bboff\u00bb use_custom_gutter=\u00bboff\u00bb][et_pb_row admin_label=\u00bbrow\u00bb make_fullwidth=\u00bboff\u00bb use_custom_width=\u00bboff\u00bb width_unit=\u00bbon\u00bb use_custom_gutter=\u00bboff\u00bb padding_mobile=\u00bboff\u00bb allow_player_pause=\u00bboff\u00bb parallax=\u00bboff\u00bb parallax_method=\u00bboff\u00bb make_equal=\u00bboff\u00bb parallax_1=\u00bboff\u00bb parallax_method_1=\u00bboff\u00bb column_padding_mobile=\u00bbon\u00bb background_color=\u00bbrgba(255,255,255,0.86)\u00bb][et_pb_column type=\u00bb4_4&#8243;][et_pb_text admin_label=\u00bbTexto\u00bb background_layout=\u00bblight\u00bb text_orientation=\u00bbleft\u00bb use_border_color=\u00bboff\u00bb border_color=\u00bb#ffffff\u00bb border_style=\u00bbsolid\u00bb header_text_color=\u00bb#000000&#8243; custom_margin=\u00bb30px|30px|100px|30px\u00bb text_text_color=\u00bb#000000&#8243;] POL\u00cdTICA DE PRIVACIDAD &nbsp; En cumplimiento de la Ley Org\u00e1nica 15\/1999, de 13 de diciembre, de [&hellip;]<\/p>\n","protected":false},"author":1,"featured_media":0,"parent":0,"menu_order":0,"comment_status":"closed","ping_status":"closed","template":"","meta":{"_et_pb_use_builder":"on","_et_pb_old_content":"","_et_gb_content_width":""},"yoast_head":"<!-- This site is optimized with the Yoast SEO plugin v18.4.1 - https:\/\/yoast.com\/wordpress\/plugins\/seo\/ -->\n<title>POL\u00cdTICA DE PRIVACIDAD - Leitzaran Bisitarien Etxea<\/title>\n<meta name=\"robots\" content=\"index, follow, max-snippet:-1, max-image-preview:large, max-video-preview:-1\" \/>\n<link rel=\"canonical\" href=\"https:\/\/www.leitzaran-andoain.eus\/es\/politica-de-privacidad\/\" \/>\n<meta property=\"og:locale\" content=\"es_ES\" \/>\n<meta property=\"og:type\" content=\"article\" \/>\n<meta property=\"og:title\" content=\"POL\u00cdTICA DE PRIVACIDAD - Leitzaran Bisitarien Etxea\" \/>\n<meta property=\"og:description\" content=\"[et_pb_section admin_label=\u00bbsection\u00bb background_image=\u00bbhttps:\/\/www.leitzaran-andoain.eus\/wp-content\/uploads\/2016\/07\/bidea-atzekoa.jpg\u00bb transparent_background=\u00bboff\u00bb background_color=\u00bb#ffffff\u00bb allow_player_pause=\u00bboff\u00bb inner_shadow=\u00bboff\u00bb parallax=\u00bboff\u00bb parallax_method=\u00bboff\u00bb padding_mobile=\u00bboff\u00bb make_fullwidth=\u00bboff\u00bb use_custom_width=\u00bboff\u00bb width_unit=\u00bbon\u00bb make_equal=\u00bboff\u00bb use_custom_gutter=\u00bboff\u00bb][et_pb_row admin_label=\u00bbrow\u00bb make_fullwidth=\u00bboff\u00bb use_custom_width=\u00bboff\u00bb width_unit=\u00bbon\u00bb use_custom_gutter=\u00bboff\u00bb padding_mobile=\u00bboff\u00bb allow_player_pause=\u00bboff\u00bb parallax=\u00bboff\u00bb parallax_method=\u00bboff\u00bb make_equal=\u00bboff\u00bb parallax_1=\u00bboff\u00bb parallax_method_1=\u00bboff\u00bb column_padding_mobile=\u00bbon\u00bb background_color=\u00bbrgba(255,255,255,0.86)\u00bb][et_pb_column type=\u00bb4_4&#8243;][et_pb_text admin_label=\u00bbTexto\u00bb background_layout=\u00bblight\u00bb text_orientation=\u00bbleft\u00bb use_border_color=\u00bboff\u00bb border_color=\u00bb#ffffff\u00bb border_style=\u00bbsolid\u00bb header_text_color=\u00bb#000000&#8243; custom_margin=\u00bb30px|30px|100px|30px\u00bb text_text_color=\u00bb#000000&#8243;] POL\u00cdTICA DE PRIVACIDAD &nbsp; En cumplimiento de la Ley Org\u00e1nica 15\/1999, de 13 de diciembre, de [&hellip;]\" \/>\n<meta property=\"og:url\" content=\"https:\/\/www.leitzaran-andoain.eus\/es\/politica-de-privacidad\/\" \/>\n<meta property=\"og:site_name\" content=\"Leitzaran Bisitarien Etxea\" \/>\n<meta property=\"article:publisher\" content=\"https:\/\/www.facebook.com\/leitzaran.bisitarien.etxea\/\" \/>\n<meta property=\"article:modified_time\" content=\"2016-12-16T11:19:16+00:00\" \/>\n<meta name=\"twitter:card\" content=\"summary\" \/>\n<meta name=\"twitter:label1\" content=\"Tiempo de lectura\" \/>\n\t<meta name=\"twitter:data1\" content=\"6 minutos\" \/>\n<script type=\"application\/ld+json\" class=\"yoast-schema-graph\">{\"@context\":\"https:\/\/schema.org\",\"@graph\":[{\"@type\":\"WebSite\",\"@id\":\"https:\/\/www.leitzaran-andoain.eus\/#website\",\"url\":\"https:\/\/www.leitzaran-andoain.eus\/\",\"name\":\"Leitzaran Bisitarien Etxea\",\"description\":\"Leitzaran: Uraren interpretazio gunea eta bidezidor kirolaren interpretazio ibilbidea\",\"potentialAction\":[{\"@type\":\"SearchAction\",\"target\":{\"@type\":\"EntryPoint\",\"urlTemplate\":\"https:\/\/www.leitzaran-andoain.eus\/?s={search_term_string}\"},\"query-input\":\"required name=search_term_string\"}],\"inLanguage\":\"es\"},{\"@type\":\"WebPage\",\"@id\":\"https:\/\/www.leitzaran-andoain.eus\/es\/politica-de-privacidad\/#webpage\",\"url\":\"https:\/\/www.leitzaran-andoain.eus\/es\/politica-de-privacidad\/\",\"name\":\"POL\u00cdTICA DE PRIVACIDAD - Leitzaran Bisitarien Etxea\",\"isPartOf\":{\"@id\":\"https:\/\/www.leitzaran-andoain.eus\/#website\"},\"datePublished\":\"2016-07-08T05:04:11+00:00\",\"dateModified\":\"2016-12-16T11:19:16+00:00\",\"breadcrumb\":{\"@id\":\"https:\/\/www.leitzaran-andoain.eus\/es\/politica-de-privacidad\/#breadcrumb\"},\"inLanguage\":\"es\",\"potentialAction\":[{\"@type\":\"ReadAction\",\"target\":[\"https:\/\/www.leitzaran-andoain.eus\/es\/politica-de-privacidad\/\"]}]},{\"@type\":\"BreadcrumbList\",\"@id\":\"https:\/\/www.leitzaran-andoain.eus\/es\/politica-de-privacidad\/#breadcrumb\",\"itemListElement\":[{\"@type\":\"ListItem\",\"position\":1,\"name\":\"Portada\",\"item\":\"https:\/\/www.leitzaran-andoain.eus\/es\/\"},{\"@type\":\"ListItem\",\"position\":2,\"name\":\"POL\u00cdTICA DE PRIVACIDAD\"}]}]}<\/script>\n<!-- \/ Yoast SEO plugin. -->","yoast_head_json":{"title":"POL\u00cdTICA DE PRIVACIDAD - Leitzaran Bisitarien Etxea","robots":{"index":"index","follow":"follow","max-snippet":"max-snippet:-1","max-image-preview":"max-image-preview:large","max-video-preview":"max-video-preview:-1"},"canonical":"https:\/\/www.leitzaran-andoain.eus\/es\/politica-de-privacidad\/","og_locale":"es_ES","og_type":"article","og_title":"POL\u00cdTICA DE PRIVACIDAD - Leitzaran Bisitarien Etxea","og_description":"[et_pb_section admin_label=\u00bbsection\u00bb background_image=\u00bbhttps:\/\/www.leitzaran-andoain.eus\/wp-content\/uploads\/2016\/07\/bidea-atzekoa.jpg\u00bb transparent_background=\u00bboff\u00bb background_color=\u00bb#ffffff\u00bb allow_player_pause=\u00bboff\u00bb inner_shadow=\u00bboff\u00bb parallax=\u00bboff\u00bb parallax_method=\u00bboff\u00bb padding_mobile=\u00bboff\u00bb make_fullwidth=\u00bboff\u00bb use_custom_width=\u00bboff\u00bb width_unit=\u00bbon\u00bb make_equal=\u00bboff\u00bb use_custom_gutter=\u00bboff\u00bb][et_pb_row admin_label=\u00bbrow\u00bb make_fullwidth=\u00bboff\u00bb use_custom_width=\u00bboff\u00bb width_unit=\u00bbon\u00bb use_custom_gutter=\u00bboff\u00bb padding_mobile=\u00bboff\u00bb allow_player_pause=\u00bboff\u00bb parallax=\u00bboff\u00bb parallax_method=\u00bboff\u00bb make_equal=\u00bboff\u00bb parallax_1=\u00bboff\u00bb parallax_method_1=\u00bboff\u00bb column_padding_mobile=\u00bbon\u00bb background_color=\u00bbrgba(255,255,255,0.86)\u00bb][et_pb_column type=\u00bb4_4&#8243;][et_pb_text admin_label=\u00bbTexto\u00bb background_layout=\u00bblight\u00bb text_orientation=\u00bbleft\u00bb use_border_color=\u00bboff\u00bb border_color=\u00bb#ffffff\u00bb border_style=\u00bbsolid\u00bb header_text_color=\u00bb#000000&#8243; custom_margin=\u00bb30px|30px|100px|30px\u00bb text_text_color=\u00bb#000000&#8243;] POL\u00cdTICA DE PRIVACIDAD &nbsp; En cumplimiento de la Ley Org\u00e1nica 15\/1999, de 13 de diciembre, de [&hellip;]","og_url":"https:\/\/www.leitzaran-andoain.eus\/es\/politica-de-privacidad\/","og_site_name":"Leitzaran Bisitarien Etxea","article_publisher":"https:\/\/www.facebook.com\/leitzaran.bisitarien.etxea\/","article_modified_time":"2016-12-16T11:19:16+00:00","twitter_card":"summary","twitter_misc":{"Tiempo de lectura":"6 minutos"},"schema":{"@context":"https:\/\/schema.org","@graph":[{"@type":"WebSite","@id":"https:\/\/www.leitzaran-andoain.eus\/#website","url":"https:\/\/www.leitzaran-andoain.eus\/","name":"Leitzaran Bisitarien Etxea","description":"Leitzaran: Uraren interpretazio gunea eta bidezidor kirolaren interpretazio ibilbidea","potentialAction":[{"@type":"SearchAction","target":{"@type":"EntryPoint","urlTemplate":"https:\/\/www.leitzaran-andoain.eus\/?s={search_term_string}"},"query-input":"required name=search_term_string"}],"inLanguage":"es"},{"@type":"WebPage","@id":"https:\/\/www.leitzaran-andoain.eus\/es\/politica-de-privacidad\/#webpage","url":"https:\/\/www.leitzaran-andoain.eus\/es\/politica-de-privacidad\/","name":"POL\u00cdTICA DE PRIVACIDAD - Leitzaran Bisitarien Etxea","isPartOf":{"@id":"https:\/\/www.leitzaran-andoain.eus\/#website"},"datePublished":"2016-07-08T05:04:11+00:00","dateModified":"2016-12-16T11:19:16+00:00","breadcrumb":{"@id":"https:\/\/www.leitzaran-andoain.eus\/es\/politica-de-privacidad\/#breadcrumb"},"inLanguage":"es","potentialAction":[{"@type":"ReadAction","target":["https:\/\/www.leitzaran-andoain.eus\/es\/politica-de-privacidad\/"]}]},{"@type":"BreadcrumbList","@id":"https:\/\/www.leitzaran-andoain.eus\/es\/politica-de-privacidad\/#breadcrumb","itemListElement":[{"@type":"ListItem","position":1,"name":"Portada","item":"https:\/\/www.leitzaran-andoain.eus\/es\/"},{"@type":"ListItem","position":2,"name":"POL\u00cdTICA DE PRIVACIDAD"}]}]}},"_links":{"self":[{"href":"https:\/\/www.leitzaran-andoain.eus\/es\/wp-json\/wp\/v2\/pages\/332"}],"collection":[{"href":"https:\/\/www.leitzaran-andoain.eus\/es\/wp-json\/wp\/v2\/pages"}],"about":[{"href":"https:\/\/www.leitzaran-andoain.eus\/es\/wp-json\/wp\/v2\/types\/page"}],"author":[{"embeddable":true,"href":"https:\/\/www.leitzaran-andoain.eus\/es\/wp-json\/wp\/v2\/users\/1"}],"replies":[{"embeddable":true,"href":"https:\/\/www.leitzaran-andoain.eus\/es\/wp-json\/wp\/v2\/comments?post=332"}],"version-history":[{"count":10,"href":"https:\/\/www.leitzaran-andoain.eus\/es\/wp-json\/wp\/v2\/pages\/332\/revisions"}],"predecessor-version":[{"id":2817,"href":"https:\/\/www.leitzaran-andoain.eus\/es\/wp-json\/wp\/v2\/pages\/332\/revisions\/2817"}],"wp:attachment":[{"href":"https:\/\/www.leitzaran-andoain.eus\/es\/wp-json\/wp\/v2\/media?parent=332"}],"curies":[{"name":"wp","href":"https:\/\/api.w.org\/{rel}","templated":true}]}}