{"id":2706,"date":"2016-12-14T06:26:35","date_gmt":"2016-12-14T06:26:35","guid":{"rendered":"https:\/\/www.leitzaran-andoain.eus\/?page_id=2706\/"},"modified":"2023-02-17T15:50:12","modified_gmt":"2023-02-17T14:50:12","slug":"grupos","status":"publish","type":"page","link":"https:\/\/www.leitzaran-andoain.eus\/es\/grupos\/","title":{"rendered":"GRUPOS"},"content":{"rendered":"<p>[et_pb_section fb_built=\u00bb1&#8243; custom_padding_last_edited=\u00bbon|desktop\u00bb admin_label=\u00bbSecci\u00f3n\u00bb _builder_version=\u00bb3.22&#8243; background_color=\u00bb#a3d2d6&#8243; background_image=\u00bbhttps:\/\/www.leitzaran-andoain.eus\/wp-content\/uploads\/2016\/07\/Leitzaran-0126.jpg\u00bb custom_padding=\u00bb-200px|||\u00bb custom_padding_tablet=\u00bb50px|0|50px|0&#8243; custom_padding_phone=\u00bb\u00bb transparent_background=\u00bboff\u00bb padding_mobile=\u00bboff\u00bb make_fullwidth=\u00bboff\u00bb use_custom_width=\u00bboff\u00bb width_unit=\u00bbon\u00bb custom_width_px=\u00bb1080px\u00bb custom_width_percent=\u00bb80%\u00bb][et_pb_row column_structure=\u00bb1_2,1_2&#8243; padding_mobile=\u00bboff\u00bb column_padding_mobile=\u00bbon\u00bb admin_label=\u00bbFila\u00bb _builder_version=\u00bb3.25&#8243; background_size=\u00bbinitial\u00bb background_position=\u00bbtop_left\u00bb background_repeat=\u00bbrepeat\u00bb make_fullwidth=\u00bboff\u00bb use_custom_width=\u00bboff\u00bb width_unit=\u00bboff\u00bb custom_width_px=\u00bb1080px\u00bb custom_width_percent=\u00bb80%\u00bb][et_pb_column type=\u00bb1_2&#8243; _builder_version=\u00bb3.25&#8243; custom_padding=\u00bb|||\u00bb custom_padding__hover=\u00bb|||\u00bb][et_pb_text admin_label=\u00bbTexto\u00bb _builder_version=\u00bb3.27.4&#8243; text_font=\u00bbGloria Hallelujah||||\u00bb text_font_size=\u00bb29px\u00bb header_font=\u00bbGloria Hallelujah||||\u00bb header_text_color=\u00bb#ffffff\u00bb header_font_size=\u00bb50px\u00bb background_size=\u00bbinitial\u00bb background_position=\u00bbtop_left\u00bb background_repeat=\u00bbrepeat\u00bb use_border_color=\u00bboff\u00bb border_style=\u00bbsolid\u00bb]<\/p>\n<h1 style=\"padding-left: 30px;\">Programa<\/h1>\n<p>[\/et_pb_text][et_pb_cta title=\u00bbGRUPOS\u00bb admin_label=\u00bbLlamada a la acci\u00f3n\u00bb _builder_version=\u00bb4.9.7&#8243; header_text_color=\u00bb#a3d2d6&#8243; header_font_size=\u00bb36px\u00bb body_font=\u00bbRoboto||||\u00bb background_color=\u00bbrgba(0,0,0,0.44)\u00bb background_size=\u00bbinitial\u00bb background_position=\u00bbtop_left\u00bb background_repeat=\u00bbrepeat\u00bb text_orientation=\u00bbleft\u00bb use_border_color=\u00bboff\u00bb border_color=\u00bb#ffffff\u00bb border_style=\u00bbsolid\u00bb button_letter_spacing_hover=\u00bb0&#8243; button_text_size__hover_enabled=\u00bboff\u00bb button_one_text_size__hover_enabled=\u00bboff\u00bb button_two_text_size__hover_enabled=\u00bboff\u00bb button_text_color__hover_enabled=\u00bboff\u00bb button_one_text_color__hover_enabled=\u00bboff\u00bb button_two_text_color__hover_enabled=\u00bboff\u00bb button_border_width__hover_enabled=\u00bboff\u00bb button_one_border_width__hover_enabled=\u00bboff\u00bb button_two_border_width__hover_enabled=\u00bboff\u00bb button_border_color__hover_enabled=\u00bboff\u00bb button_one_border_color__hover_enabled=\u00bboff\u00bb button_two_border_color__hover_enabled=\u00bboff\u00bb button_border_radius__hover_enabled=\u00bboff\u00bb button_one_border_radius__hover_enabled=\u00bboff\u00bb button_two_border_radius__hover_enabled=\u00bboff\u00bb button_letter_spacing__hover_enabled=\u00bbon\u00bb button_letter_spacing__hover=\u00bb0&#8243; button_one_letter_spacing__hover_enabled=\u00bboff\u00bb button_two_letter_spacing__hover_enabled=\u00bboff\u00bb button_bg_color__hover_enabled=\u00bboff\u00bb button_one_bg_color__hover_enabled=\u00bboff\u00bb button_two_bg_color__hover_enabled=\u00bboff\u00bb]<\/p>\n<p>Desde un planteamiento l\u00fadico y participativo, el Centro ofrece diferentes programas donde se combinan las actividades deportivas con el aprendizaje y conocimiento sobre el medio en el que se desarrollan (Centro de Interpretaci\u00f3n). Una forma emocionante y divertida de aprender y fomentar el respeto a la Naturaleza.<\/p>\n<p>Tenemos un amplio abanico de actividades, ponte en contacto con nosotros y realizaremos una propuesta que se adecue a las necesidades de tu grupo.<\/p>\n<p>Los grupos deben ser de\u00a015 participantes como m\u00ednimo.<\/p>\n<ul>\n<li><span style=\"color: #008080;\"><strong>Alquiler de bicis<\/strong><br \/><\/span><\/li>\n<li><span style=\"color: #008080;\"><strong>Paseos interpretados por la V\u00eda Verde:<\/strong> <\/span>En bici o a pie.<\/li>\n<li><span style=\"color: #008080;\"><strong>Prueba de Orientaci\u00f3n:<\/strong>\u00a0<\/span>Con la ayuda de un mapa y una br\u00fajula tendr\u00e9is que adentraros en el bosque y encontrar las pistas para poder descubrir la palabra escondida en el menor tiempo posible para conseguir la puntuaci\u00f3n m\u00e1s alta.<\/li>\n<li><span style=\"color: #008080;\"><strong>Gynkana en la Naturaleza:<\/strong><\/span> \u00a1Hemos dise\u00f1ado unos juegos especialmente orientados a mejorar el ambiente de grupo, fomentar el trabajo en equipo y mejorar el autoestima de los\/las prticipantes! Adem\u00e1s, tambi\u00e9n podr\u00e9is poner a prueba vuestra punter\u00eda jugando al tiro con arco (si consegu\u00eds montarlo).<\/li>\n<li><span style=\"color: #008080;\"><strong>Talleres en torno a la bicicleta en la naturaleza:\u00a0<\/strong><\/span><span style=\"font-weight: 400;\"> con el objetivo de fomentar la movilidad sostenible, os ense\u00f1aremos a hacer el mantenimiento b\u00e1sico de la bicicleta <\/span><\/li>\n<li><span style=\"font-weight: 400;\"><span style=\"color: #008080;\"><strong>Talleres ambientales en la naturaleza: <\/strong><\/span>Talleres ambientales en la Naturaleza: al estar en un entorno natural \u00fanico, \u00bfpor qu\u00e9 no conocemos un poco m\u00e1s\u00bf podremos descubrir las peculiaridades de los animales, la vegetaci\u00f3n y el paisaje que nos rodea a trav\u00e9s de diferentes experiencias.<\/span>\n<ul><\/ul>\n<\/li>\n<\/ul>\n<p>[\/et_pb_cta][et_pb_button button_url=\u00bbhttps:\/\/www.leitzaran-andoain.eus\/es\/contacto\/\u00bb url_new_window=\u00bbon\u00bb button_text=\u00bbM\u00e1s Informaci\u00f3n\u00bb button_alignment=\u00bbcenter\u00bb admin_label=\u00bbButton\u00bb _builder_version=\u00bb3.16&#8243; custom_button=\u00bbon\u00bb button_text_size=\u00bb22px\u00bb button_text_color=\u00bb#ffffff\u00bb button_bg_color=\u00bbrgba(0,0,0,0.43)\u00bb button_letter_spacing_hover=\u00bb0&#8243; button_text_size__hover_enabled=\u00bboff\u00bb button_one_text_size__hover_enabled=\u00bboff\u00bb button_two_text_size__hover_enabled=\u00bboff\u00bb button_text_color__hover_enabled=\u00bboff\u00bb button_one_text_color__hover_enabled=\u00bboff\u00bb button_two_text_color__hover_enabled=\u00bboff\u00bb button_border_width__hover_enabled=\u00bboff\u00bb button_one_border_width__hover_enabled=\u00bboff\u00bb button_two_border_width__hover_enabled=\u00bboff\u00bb button_border_color__hover_enabled=\u00bboff\u00bb button_one_border_color__hover_enabled=\u00bboff\u00bb button_two_border_color__hover_enabled=\u00bboff\u00bb button_border_radius__hover_enabled=\u00bboff\u00bb button_one_border_radius__hover_enabled=\u00bboff\u00bb button_two_border_radius__hover_enabled=\u00bboff\u00bb button_letter_spacing__hover_enabled=\u00bbon\u00bb button_letter_spacing__hover=\u00bb0&#8243; button_one_letter_spacing__hover_enabled=\u00bboff\u00bb button_two_letter_spacing__hover_enabled=\u00bboff\u00bb button_bg_color__hover_enabled=\u00bboff\u00bb button_one_bg_color__hover_enabled=\u00bboff\u00bb button_two_bg_color__hover_enabled=\u00bboff\u00bb][\/et_pb_button][\/et_pb_column][et_pb_column type=\u00bb1_2&#8243; _builder_version=\u00bb3.25&#8243; custom_padding=\u00bb|||\u00bb custom_padding__hover=\u00bb|||\u00bb][et_pb_gallery gallery_ids=\u00bb1412,1350,1397,1398&#8243; fullwidth=\u00bbon\u00bb admin_label=\u00bbGaler\u00eda\u00bb _builder_version=\u00bb3.0.87&#8243; caption_all_caps=\u00bboff\u00bb auto=\u00bbon\u00bb border_width_all=\u00bb1px\u00bb border_color_all=\u00bb#ffffff\u00bb border_style_all=\u00bbsolid\u00bb use_border_color=\u00bbon\u00bb border_color=\u00bb#ffffff\u00bb border_width=\u00bb1px\u00bb border_style=\u00bbsolid\u00bb][\/et_pb_gallery][\/et_pb_column][\/et_pb_row][\/et_pb_section][et_pb_section fb_built=\u00bb1&#8243; custom_padding_last_edited=\u00bbon|desktop\u00bb admin_label=\u00bbSecci\u00f3n\u00bb _builder_version=\u00bb3.22&#8243; background_color=\u00bb#ffffff\u00bb custom_padding=\u00bb-20px|||\u00bb custom_padding_tablet=\u00bb50px|0|50px|0&#8243; custom_padding_phone=\u00bb\u00bb transparent_background=\u00bboff\u00bb padding_mobile=\u00bboff\u00bb make_fullwidth=\u00bboff\u00bb use_custom_width=\u00bboff\u00bb width_unit=\u00bbon\u00bb custom_width_px=\u00bb1080px\u00bb custom_width_percent=\u00bb80%\u00bb][et_pb_row use_custom_gutter=\u00bbon\u00bb gutter_width=\u00bb1&#8243; padding_mobile=\u00bboff\u00bb column_padding_mobile=\u00bbon\u00bb admin_label=\u00bbFila\u00bb _builder_version=\u00bb3.25&#8243; background_color=\u00bb#ffffff\u00bb background_size=\u00bbinitial\u00bb background_position=\u00bbtop_left\u00bb background_repeat=\u00bbrepeat\u00bb custom_margin=\u00bb-40px|||\u00bb make_fullwidth=\u00bboff\u00bb use_custom_width=\u00bboff\u00bb width_unit=\u00bbon\u00bb custom_width_px=\u00bb1080px\u00bb custom_width_percent=\u00bb80%\u00bb][et_pb_column type=\u00bb4_4&#8243; _builder_version=\u00bb3.25&#8243; custom_padding=\u00bb|||\u00bb custom_padding__hover=\u00bb|||\u00bb][et_pb_cta title=\u00bbLEITZARAN BISITARIEN ETXEA\u00bb admin_label=\u00bbLlamada a la acci\u00f3n\u00bb _builder_version=\u00bb3.16&#8243; header_text_color=\u00bb#a3d2d6&#8243; body_text_color=\u00bb#000000&#8243; background_color=\u00bb#ffffff\u00bb background_size=\u00bbinitial\u00bb background_position=\u00bbtop_left\u00bb background_repeat=\u00bbrepeat\u00bb text_orientation=\u00bbleft\u00bb custom_margin=\u00bb|0px||0px\u00bb custom_padding=\u00bb|0px||\u00bb use_border_color=\u00bboff\u00bb border_color=\u00bb#ffffff\u00bb border_width=\u00bb1px\u00bb border_style=\u00bbsolid\u00bb button_letter_spacing_hover=\u00bb0&#8243; button_text_size__hover_enabled=\u00bboff\u00bb button_one_text_size__hover_enabled=\u00bboff\u00bb button_two_text_size__hover_enabled=\u00bboff\u00bb button_text_color__hover_enabled=\u00bboff\u00bb button_one_text_color__hover_enabled=\u00bboff\u00bb button_two_text_color__hover_enabled=\u00bboff\u00bb button_border_width__hover_enabled=\u00bboff\u00bb button_one_border_width__hover_enabled=\u00bboff\u00bb button_two_border_width__hover_enabled=\u00bboff\u00bb button_border_color__hover_enabled=\u00bboff\u00bb button_one_border_color__hover_enabled=\u00bboff\u00bb button_two_border_color__hover_enabled=\u00bboff\u00bb button_border_radius__hover_enabled=\u00bboff\u00bb button_one_border_radius__hover_enabled=\u00bboff\u00bb button_two_border_radius__hover_enabled=\u00bboff\u00bb button_letter_spacing__hover_enabled=\u00bbon\u00bb button_letter_spacing__hover=\u00bb0&#8243; button_one_letter_spacing__hover_enabled=\u00bboff\u00bb button_two_letter_spacing__hover_enabled=\u00bboff\u00bb button_bg_color__hover_enabled=\u00bboff\u00bb button_one_bg_color__hover_enabled=\u00bboff\u00bb button_two_bg_color__hover_enabled=\u00bboff\u00bb]<\/p>\n<hr \/>\n<p style=\"text-align: left;\"><span style=\"color: #000000;\">Posta Kutxa 38<\/span><br \/>\n<span style=\"color: #000000;\">Otieta Parkea, Leizotz auzoa, 48 behea<\/span><br \/>\n<span style=\"color: #000000;\">20140 ANDOAIN (Gipuzkoa)<\/span><br \/>\n<span style=\"color: #000000;\">943 300 929 &#8211; <a style=\"color: #000000;\" href=\"\/cdn-cgi\/l\/email-protection#c1a8afa7ae81ada4a8b5bba0b3a0afeca0afa5aea0a8afefa4b4b2\">info@leitzaran-andoain.eus<\/a><\/span><br \/>\n<span style=\"color: #000000;\">Coord.: N 43\u00ba 12&#8242; 12.5\u00bb &#8211; W 2\u00ba 0&#8242; 34.2\u00bb<\/span><\/p>\n<hr \/>\n<p>[\/et_pb_cta][et_pb_image src=\u00bbhttps:\/\/www.leitzaran-andoain.eus\/wp-content\/uploads\/2016\/06\/logoak-ona.jpg\u00bb align_tablet=\u00bbcenter\u00bb align_phone=\u00bb\u00bb align_last_edited=\u00bbon|desktop\u00bb admin_label=\u00bbImagen\u00bb _builder_version=\u00bb3.23&#8243; max_width=\u00bb700px\u00bb custom_margin=\u00bb-60px|||60px\u00bb use_border_color=\u00bboff\u00bb border_color=\u00bb#ffffff\u00bb border_width=\u00bb1px\u00bb border_style=\u00bbsolid\u00bb animation=\u00bboff\u00bb sticky=\u00bboff\u00bb always_center_on_mobile=\u00bbon\u00bb saved_tabs=\u00bball\u00bb][\/et_pb_image][et_pb_image src=\u00bbhttps:\/\/www.leitzaran-andoain.eus\/wp-content\/uploads\/2023\/02\/LBE-logoak-1.png\u00bb align_tablet=\u00bbcenter\u00bb align_phone=\u00bb\u00bb align_last_edited=\u00bbon|desktop\u00bb admin_label=\u00bbImagen\u00bb _builder_version=\u00bb4.9.7&#8243; max_width=\u00bb700px\u00bb custom_margin=\u00bb0px|||60px|false|false\u00bb hover_enabled=\u00bb0&#8243; use_border_color=\u00bboff\u00bb border_color=\u00bb#ffffff\u00bb border_width=\u00bb1px\u00bb border_style=\u00bbsolid\u00bb animation=\u00bboff\u00bb sticky=\u00bboff\u00bb always_center_on_mobile=\u00bbon\u00bb saved_tabs=\u00bball\u00bb title_text=\u00bbLBE logoak\u00bb sticky_enabled=\u00bb0&#8243;][\/et_pb_image][\/et_pb_column][\/et_pb_row][\/et_pb_section]<\/p>\n","protected":false},"excerpt":{"rendered":"<p>[et_pb_section fb_built=\u00bb1&#8243; custom_padding_last_edited=\u00bbon|desktop\u00bb admin_label=\u00bbSecci\u00f3n\u00bb _builder_version=\u00bb3.22&#8243; background_color=\u00bb#a3d2d6&#8243; background_image=\u00bbhttps:\/\/www.leitzaran-andoain.eus\/wp-content\/uploads\/2016\/07\/Leitzaran-0126.jpg\u00bb custom_padding=\u00bb-200px|||\u00bb custom_padding_tablet=\u00bb50px|0|50px|0&#8243; custom_padding_phone=\u00bb\u00bb transparent_background=\u00bboff\u00bb padding_mobile=\u00bboff\u00bb make_fullwidth=\u00bboff\u00bb use_custom_width=\u00bboff\u00bb width_unit=\u00bbon\u00bb custom_width_px=\u00bb1080px\u00bb custom_width_percent=\u00bb80%\u00bb][et_pb_row column_structure=\u00bb1_2,1_2&#8243; padding_mobile=\u00bboff\u00bb column_padding_mobile=\u00bbon\u00bb admin_label=\u00bbFila\u00bb _builder_version=\u00bb3.25&#8243; background_size=\u00bbinitial\u00bb background_position=\u00bbtop_left\u00bb background_repeat=\u00bbrepeat\u00bb make_fullwidth=\u00bboff\u00bb use_custom_width=\u00bboff\u00bb width_unit=\u00bboff\u00bb custom_width_px=\u00bb1080px\u00bb custom_width_percent=\u00bb80%\u00bb][et_pb_column type=\u00bb1_2&#8243; _builder_version=\u00bb3.25&#8243; custom_padding=\u00bb|||\u00bb custom_padding__hover=\u00bb|||\u00bb][et_pb_text admin_label=\u00bbTexto\u00bb _builder_version=\u00bb3.27.4&#8243; text_font=\u00bbGloria Hallelujah||||\u00bb text_font_size=\u00bb29px\u00bb header_font=\u00bbGloria Hallelujah||||\u00bb header_text_color=\u00bb#ffffff\u00bb header_font_size=\u00bb50px\u00bb background_size=\u00bbinitial\u00bb background_position=\u00bbtop_left\u00bb background_repeat=\u00bbrepeat\u00bb use_border_color=\u00bboff\u00bb border_style=\u00bbsolid\u00bb] Programa [\/et_pb_text][et_pb_cta title=\u00bbGRUPOS\u00bb admin_label=\u00bbLlamada a la acci\u00f3n\u00bb [&hellip;]<\/p>\n","protected":false},"author":1,"featured_media":0,"parent":0,"menu_order":0,"comment_status":"closed","ping_status":"closed","template":"","meta":{"_et_pb_use_builder":"on","_et_pb_old_content":"","_et_gb_content_width":""},"yoast_head":"<!-- This site is optimized with the Yoast SEO plugin v18.4.1 - https:\/\/yoast.com\/wordpress\/plugins\/seo\/ -->\n<title>GRUPOS - Leitzaran Bisitarien Etxea<\/title>\n<meta name=\"description\" content=\"Actividades para grupos en Leitzaran\" \/>\n<meta name=\"robots\" content=\"index, follow, max-snippet:-1, max-image-preview:large, max-video-preview:-1\" \/>\n<link rel=\"canonical\" href=\"https:\/\/www.leitzaran-andoain.eus\/es\/grupos\/\" \/>\n<meta property=\"og:locale\" content=\"es_ES\" \/>\n<meta property=\"og:type\" content=\"article\" \/>\n<meta property=\"og:title\" content=\"GRUPOS - Leitzaran Bisitarien Etxea\" \/>\n<meta property=\"og:description\" content=\"Actividades para grupos en Leitzaran\" \/>\n<meta property=\"og:url\" content=\"https:\/\/www.leitzaran-andoain.eus\/es\/grupos\/\" \/>\n<meta property=\"og:site_name\" content=\"Leitzaran Bisitarien Etxea\" \/>\n<meta property=\"article:publisher\" content=\"https:\/\/www.facebook.com\/leitzaran.bisitarien.etxea\/\" \/>\n<meta property=\"article:modified_time\" content=\"2023-02-17T14:50:12+00:00\" \/>\n<meta name=\"twitter:card\" content=\"summary\" \/>\n<meta name=\"twitter:label1\" content=\"Tiempo de lectura\" \/>\n\t<meta name=\"twitter:data1\" content=\"7 minutos\" \/>\n<script type=\"application\/ld+json\" class=\"yoast-schema-graph\">{\"@context\":\"https:\/\/schema.org\",\"@graph\":[{\"@type\":\"WebSite\",\"@id\":\"https:\/\/www.leitzaran-andoain.eus\/#website\",\"url\":\"https:\/\/www.leitzaran-andoain.eus\/\",\"name\":\"Leitzaran Bisitarien Etxea\",\"description\":\"Leitzaran: Uraren interpretazio gunea eta bidezidor kirolaren interpretazio ibilbidea\",\"potentialAction\":[{\"@type\":\"SearchAction\",\"target\":{\"@type\":\"EntryPoint\",\"urlTemplate\":\"https:\/\/www.leitzaran-andoain.eus\/?s={search_term_string}\"},\"query-input\":\"required name=search_term_string\"}],\"inLanguage\":\"es\"},{\"@type\":\"WebPage\",\"@id\":\"https:\/\/www.leitzaran-andoain.eus\/es\/grupos\/#webpage\",\"url\":\"https:\/\/www.leitzaran-andoain.eus\/es\/grupos\/\",\"name\":\"GRUPOS - Leitzaran Bisitarien Etxea\",\"isPartOf\":{\"@id\":\"https:\/\/www.leitzaran-andoain.eus\/#website\"},\"datePublished\":\"2016-12-14T06:26:35+00:00\",\"dateModified\":\"2023-02-17T14:50:12+00:00\",\"description\":\"Actividades para grupos en Leitzaran\",\"breadcrumb\":{\"@id\":\"https:\/\/www.leitzaran-andoain.eus\/es\/grupos\/#breadcrumb\"},\"inLanguage\":\"es\",\"potentialAction\":[{\"@type\":\"ReadAction\",\"target\":[\"https:\/\/www.leitzaran-andoain.eus\/es\/grupos\/\"]}]},{\"@type\":\"BreadcrumbList\",\"@id\":\"https:\/\/www.leitzaran-andoain.eus\/es\/grupos\/#breadcrumb\",\"itemListElement\":[{\"@type\":\"ListItem\",\"position\":1,\"name\":\"Portada\",\"item\":\"https:\/\/www.leitzaran-andoain.eus\/es\/\"},{\"@type\":\"ListItem\",\"position\":2,\"name\":\"GRUPOS\"}]}]}<\/script>\n<!-- \/ Yoast SEO plugin. -->","yoast_head_json":{"title":"GRUPOS - Leitzaran Bisitarien Etxea","description":"Actividades para grupos en Leitzaran","robots":{"index":"index","follow":"follow","max-snippet":"max-snippet:-1","max-image-preview":"max-image-preview:large","max-video-preview":"max-video-preview:-1"},"canonical":"https:\/\/www.leitzaran-andoain.eus\/es\/grupos\/","og_locale":"es_ES","og_type":"article","og_title":"GRUPOS - Leitzaran Bisitarien Etxea","og_description":"Actividades para grupos en Leitzaran","og_url":"https:\/\/www.leitzaran-andoain.eus\/es\/grupos\/","og_site_name":"Leitzaran Bisitarien Etxea","article_publisher":"https:\/\/www.facebook.com\/leitzaran.bisitarien.etxea\/","article_modified_time":"2023-02-17T14:50:12+00:00","twitter_card":"summary","twitter_misc":{"Tiempo de lectura":"7 minutos"},"schema":{"@context":"https:\/\/schema.org","@graph":[{"@type":"WebSite","@id":"https:\/\/www.leitzaran-andoain.eus\/#website","url":"https:\/\/www.leitzaran-andoain.eus\/","name":"Leitzaran Bisitarien Etxea","description":"Leitzaran: Uraren interpretazio gunea eta bidezidor kirolaren interpretazio ibilbidea","potentialAction":[{"@type":"SearchAction","target":{"@type":"EntryPoint","urlTemplate":"https:\/\/www.leitzaran-andoain.eus\/?s={search_term_string}"},"query-input":"required name=search_term_string"}],"inLanguage":"es"},{"@type":"WebPage","@id":"https:\/\/www.leitzaran-andoain.eus\/es\/grupos\/#webpage","url":"https:\/\/www.leitzaran-andoain.eus\/es\/grupos\/","name":"GRUPOS - Leitzaran Bisitarien Etxea","isPartOf":{"@id":"https:\/\/www.leitzaran-andoain.eus\/#website"},"datePublished":"2016-12-14T06:26:35+00:00","dateModified":"2023-02-17T14:50:12+00:00","description":"Actividades para grupos en Leitzaran","breadcrumb":{"@id":"https:\/\/www.leitzaran-andoain.eus\/es\/grupos\/#breadcrumb"},"inLanguage":"es","potentialAction":[{"@type":"ReadAction","target":["https:\/\/www.leitzaran-andoain.eus\/es\/grupos\/"]}]},{"@type":"BreadcrumbList","@id":"https:\/\/www.leitzaran-andoain.eus\/es\/grupos\/#breadcrumb","itemListElement":[{"@type":"ListItem","position":1,"name":"Portada","item":"https:\/\/www.leitzaran-andoain.eus\/es\/"},{"@type":"ListItem","position":2,"name":"GRUPOS"}]}]}},"_links":{"self":[{"href":"https:\/\/www.leitzaran-andoain.eus\/es\/wp-json\/wp\/v2\/pages\/2706"}],"collection":[{"href":"https:\/\/www.leitzaran-andoain.eus\/es\/wp-json\/wp\/v2\/pages"}],"about":[{"href":"https:\/\/www.leitzaran-andoain.eus\/es\/wp-json\/wp\/v2\/types\/page"}],"author":[{"embeddable":true,"href":"https:\/\/www.leitzaran-andoain.eus\/es\/wp-json\/wp\/v2\/users\/1"}],"replies":[{"embeddable":true,"href":"https:\/\/www.leitzaran-andoain.eus\/es\/wp-json\/wp\/v2\/comments?post=2706"}],"version-history":[{"count":16,"href":"https:\/\/www.leitzaran-andoain.eus\/es\/wp-json\/wp\/v2\/pages\/2706\/revisions"}],"predecessor-version":[{"id":5612,"href":"https:\/\/www.leitzaran-andoain.eus\/es\/wp-json\/wp\/v2\/pages\/2706\/revisions\/5612"}],"wp:attachment":[{"href":"https:\/\/www.leitzaran-andoain.eus\/es\/wp-json\/wp\/v2\/media?parent=2706"}],"curies":[{"name":"wp","href":"https:\/\/api.w.org\/{rel}","templated":true}]}}